{"id":669,"date":"2020-01-14T17:34:50","date_gmt":"2020-01-14T16:34:50","guid":{"rendered":"http:\/\/coworkingcalpe.es\/?post_type=product&#038;p=669"},"modified":"2020-06-30T09:28:54","modified_gmt":"2020-06-30T07:28:54","slug":"oficina-aula","status":"publish","type":"product","link":"https:\/\/coworkingcalpe.es\/en\/office-rentals\/oficina-aula\/","title":{"rendered":"Oficina Aula"},"content":{"rendered":"<p>Oficina privada con mobiliario incluido.<\/p>\n<p>Se trata de una sala insonorizada.<\/p>\n<p>Contaras con acceso a la sala de reuniones, recepci\u00f3n, distribuci\u00f3n de correo y mensajer\u00eda, zonas comunes, limpieza y mantenimiento y, acceso 24 horas al d\u00eda durante los 7 d\u00edas de la semana.<\/p>\n<p>Un espacio adaptado a tus necesidades d\u00f3nde poder hacer networking y espacios en los que poder desconectar y descansar.<\/p>\n<p>Aire acondicionado, calefacci\u00f3n e internet de banda ancha de a tu disposici\u00f3n.<\/p>\n","protected":false},"excerpt":{"rendered":"<p>Oficina privada.<\/p>\n<p>Un espacio amplio, luminoso y totalmente equipado para ti.<\/p>\n<p>Esta oficina cuenta con la particularidad de que es una sala insonorizada por lo que podr\u00e1s trabajar con total tranquilidad.<\/p>\n<p>&nbsp;<\/p>\n","protected":false},"featured_media":623,"comment_status":"open","ping_status":"closed","template":"","meta":[],"product_cat":[17],"product_tag":[],"class_list":{"0":"post-669","1":"product","2":"type-product","3":"status-publish","4":"has-post-thumbnail","6":"product_cat-sin-categorizar","8":"first","9":"instock","10":"sold-individually","11":"taxable","12":"shipping-taxable","13":"purchasable","14":"product-type-simple"},"_links":{"self":[{"href":"https:\/\/coworkingcalpe.es\/en\/wp-json\/wp\/v2\/product\/669","targetHints":{"allow":["GET"]}}],"collection":[{"href":"https:\/\/coworkingcalpe.es\/en\/wp-json\/wp\/v2\/product"}],"about":[{"href":"https:\/\/coworkingcalpe.es\/en\/wp-json\/wp\/v2\/types\/product"}],"replies":[{"embeddable":true,"href":"https:\/\/coworkingcalpe.es\/en\/wp-json\/wp\/v2\/comments?post=669"}],"version-history":[{"count":4,"href":"https:\/\/coworkingcalpe.es\/en\/wp-json\/wp\/v2\/product\/669\/revisions"}],"predecessor-version":[{"id":684,"href":"https:\/\/coworkingcalpe.es\/en\/wp-json\/wp\/v2\/product\/669\/revisions\/684"}],"wp:featuredmedia":[{"embeddable":true,"href":"https:\/\/coworkingcalpe.es\/en\/wp-json\/wp\/v2\/media\/623"}],"wp:attachment":[{"href":"https:\/\/coworkingcalpe.es\/en\/wp-json\/wp\/v2\/media?parent=669"}],"wp:term":[{"taxonomy":"product_cat","embeddable":true,"href":"https:\/\/coworkingcalpe.es\/en\/wp-json\/wp\/v2\/product_cat?post=669"},{"taxonomy":"product_tag","embeddable":true,"href":"https:\/\/coworkingcalpe.es\/en\/wp-json\/wp\/v2\/product_tag?post=669"}],"curies":[{"name":"wp","href":"https:\/\/api.w.org\/{rel}","templated":true}]}}