{"id":639,"date":"2020-01-14T14:48:36","date_gmt":"2020-01-14T13:48:36","guid":{"rendered":"http:\/\/coworkingcalpe.es\/?post_type=product&#038;p=639"},"modified":"2020-06-30T09:29:34","modified_gmt":"2020-06-30T07:29:34","slug":"oficina-despacho-2","status":"publish","type":"product","link":"https:\/\/coworkingcalpe.es\/fr\/alquiler-oficinas-calpe\/oficina-despacho-2\/","title":{"rendered":"Oficina Despacho 2"},"content":{"rendered":"<p>Despacho con mesa adicional pensada para reuniones. Un despacho amplio de 22 metros cuadrados.<\/p>\n<p>Contaras con acceso a la sala de reuniones, recepci\u00f3n, distribuci\u00f3n de correo y mensajer\u00eda, zonas comunes, limpieza y mantenimiento y, acceso 24 horas al d\u00eda durante los 7 d\u00edas de la semana.<\/p>\n<p>Un espacio adaptado a tus necesidades d\u00f3nde poder hacer networking y espacios en los que poder desconectar y descansar.<\/p>\n<p>Aire acondicionado, calefacci\u00f3n y banda ancha de internet a tu disposici\u00f3n.<\/p>\n<p>Est\u00e1 oficina tiene la posibilidad de comunicar con una oficina contigua, ampliando as\u00ed el despacho y dando la posibilidad de trabajar diferentes miembros de una misma empresa en dos oficinas diferentes.<\/p>\n","protected":false},"excerpt":{"rendered":"<p>Nada m\u00e1s entrar a nuestra oficina sentir\u00e1s una sensaci\u00f3n de espaciosidad que invita a trabajar en la calma.<\/p>\n<p>Un espacio dos mesas para poder reunirte con clientes e incluso trabajar conjuntamente si tu empresa se compone de un equipo.<\/p>\n<p>Un espacio amplio, luminoso y totalmente equipado para ti y para tu empresa.<\/p>\n<p>Con cerradura y llaves propias.<\/p>\n","protected":false},"featured_media":247,"comment_status":"open","ping_status":"closed","template":"","meta":[],"product_cat":[17],"product_tag":[],"class_list":{"0":"post-639","1":"product","2":"type-product","3":"status-publish","4":"has-post-thumbnail","6":"product_cat-sin-categorizar","8":"first","9":"instock","10":"virtual","11":"sold-individually","12":"taxable","13":"purchasable","14":"product-type-simple"},"_links":{"self":[{"href":"https:\/\/coworkingcalpe.es\/fr\/wp-json\/wp\/v2\/product\/639","targetHints":{"allow":["GET"]}}],"collection":[{"href":"https:\/\/coworkingcalpe.es\/fr\/wp-json\/wp\/v2\/product"}],"about":[{"href":"https:\/\/coworkingcalpe.es\/fr\/wp-json\/wp\/v2\/types\/product"}],"replies":[{"embeddable":true,"href":"https:\/\/coworkingcalpe.es\/fr\/wp-json\/wp\/v2\/comments?post=639"}],"version-history":[{"count":9,"href":"https:\/\/coworkingcalpe.es\/fr\/wp-json\/wp\/v2\/product\/639\/revisions"}],"predecessor-version":[{"id":772,"href":"https:\/\/coworkingcalpe.es\/fr\/wp-json\/wp\/v2\/product\/639\/revisions\/772"}],"wp:featuredmedia":[{"embeddable":true,"href":"https:\/\/coworkingcalpe.es\/fr\/wp-json\/wp\/v2\/media\/247"}],"wp:attachment":[{"href":"https:\/\/coworkingcalpe.es\/fr\/wp-json\/wp\/v2\/media?parent=639"}],"wp:term":[{"taxonomy":"product_cat","embeddable":true,"href":"https:\/\/coworkingcalpe.es\/fr\/wp-json\/wp\/v2\/product_cat?post=639"},{"taxonomy":"product_tag","embeddable":true,"href":"https:\/\/coworkingcalpe.es\/fr\/wp-json\/wp\/v2\/product_tag?post=639"}],"curies":[{"name":"wp","href":"https:\/\/api.w.org\/{rel}","templated":true}]}}