{"id":661,"date":"2020-01-14T17:22:45","date_gmt":"2020-01-14T16:22:45","guid":{"rendered":"http:\/\/coworkingcalpe.es\/?post_type=product&#038;p=661"},"modified":"2020-06-30T09:29:05","modified_gmt":"2020-06-30T07:29:05","slug":"oficina-mediana-2","status":"publish","type":"product","link":"https:\/\/coworkingcalpe.es\/fr\/alquiler-oficinas-calpe\/oficina-mediana-2\/","title":{"rendered":"Oficina Mediana 2"},"content":{"rendered":"<p>Un espacio amplio, luminoso y totalmente equipado para ti.<\/p>\n<p>Esta oficina cuenta con la particularidad de que es una sala insonorizada por lo que podr\u00e1s trabajar con total tranquilidad.<\/p>\n<p>Contaras con acceso a la sala de reuniones, recepci\u00f3n, distribuci\u00f3n de correo y mensajer\u00eda, zonas comunes, limpieza y mantenimiento y, acceso 24 horas al d\u00eda durante los 7 d\u00edas de la semana.<\/p>\n<p>Un espacio adaptado a tus necesidades d\u00f3nde poder hacer networking y espacios en los que poder desconectar y descansar.<\/p>\n<p>Aire acondicionado, calefacci\u00f3n e internet de banda ancha de a tu disposici\u00f3n.<\/p>\n<p>Est\u00e1 equipada con los muebles que aparecen en la imagen pero, si quieres traerte los tuyos, no hay problema, lo importante para nosotros es que tu est\u00e9s c\u00f3modo\/a.<\/p>\n","protected":false},"excerpt":{"rendered":"<p>A simple vista pueden chirriarte las paredes verdes de esta oficina \u00bfVerdad?<\/p>\n<p>Esta oficina lejos de ser una Oficina Convencional tiene dos particularidades a las que le podr\u00e1s sacar partido&#8230; o no, depende de ti.<\/p>\n<p>Las paredes verdes sirven de croma, esto puede resultar \u00fatil para las fotograf\u00edas de producto.<\/p>\n<p>Adem\u00e1s, se trata de una sala insonorizada, por lo que si tocas alg\u00fan instrumento, podr\u00e1s relajarte entre tarea y tarea tocando algo sin molestar ni crear discordia entre tus compa\u00f1eros.<\/p>\n<p>Lo mismo, si impartes clases de m\u00fasica, este puede ser el lugar perfecto para ti.<\/p>\n<p>S\u00e1cale el partido que m\u00e1s te convenga.<\/p>\n","protected":false},"featured_media":808,"comment_status":"open","ping_status":"closed","template":"","meta":[],"product_cat":[17],"product_tag":[],"class_list":{"0":"post-661","1":"product","2":"type-product","3":"status-publish","4":"has-post-thumbnail","6":"product_cat-sin-categorizar","8":"first","9":"instock","10":"virtual","11":"sold-individually","12":"taxable","13":"purchasable","14":"product-type-simple"},"_links":{"self":[{"href":"https:\/\/coworkingcalpe.es\/fr\/wp-json\/wp\/v2\/product\/661","targetHints":{"allow":["GET"]}}],"collection":[{"href":"https:\/\/coworkingcalpe.es\/fr\/wp-json\/wp\/v2\/product"}],"about":[{"href":"https:\/\/coworkingcalpe.es\/fr\/wp-json\/wp\/v2\/types\/product"}],"replies":[{"embeddable":true,"href":"https:\/\/coworkingcalpe.es\/fr\/wp-json\/wp\/v2\/comments?post=661"}],"version-history":[{"count":10,"href":"https:\/\/coworkingcalpe.es\/fr\/wp-json\/wp\/v2\/product\/661\/revisions"}],"predecessor-version":[{"id":810,"href":"https:\/\/coworkingcalpe.es\/fr\/wp-json\/wp\/v2\/product\/661\/revisions\/810"}],"wp:featuredmedia":[{"embeddable":true,"href":"https:\/\/coworkingcalpe.es\/fr\/wp-json\/wp\/v2\/media\/808"}],"wp:attachment":[{"href":"https:\/\/coworkingcalpe.es\/fr\/wp-json\/wp\/v2\/media?parent=661"}],"wp:term":[{"taxonomy":"product_cat","embeddable":true,"href":"https:\/\/coworkingcalpe.es\/fr\/wp-json\/wp\/v2\/product_cat?post=661"},{"taxonomy":"product_tag","embeddable":true,"href":"https:\/\/coworkingcalpe.es\/fr\/wp-json\/wp\/v2\/product_tag?post=661"}],"curies":[{"name":"wp","href":"https:\/\/api.w.org\/{rel}","templated":true}]}}