{"id":744,"date":"2020-01-14T20:05:43","date_gmt":"2020-01-14T19:05:43","guid":{"rendered":"http:\/\/coworkingcalpe.es\/?post_type=product&#038;p=744"},"modified":"2024-08-09T11:26:49","modified_gmt":"2024-08-09T09:26:49","slug":"oficina-pequena","status":"publish","type":"product","link":"https:\/\/coworkingcalpe.es\/fr\/alquiler-oficinas-calpe\/oficina-pequena\/","title":{"rendered":"Oficina Peque\u00f1a"},"content":{"rendered":"<p>Oficina privada con mobiliario incluido.<\/p>\n<p>Contaras con acceso a la sala de reuniones, recepci\u00f3n, distribuci\u00f3n de correo y mensajer\u00eda, zonas comunes, limpieza y mantenimiento y, acceso 24 horas al d\u00eda durante los 7 d\u00edas de la semana.<\/p>\n<p>Un espacio adaptado a tus necesidades d\u00f3nde poder hacer networking y espacios en los que poder desconectar y descansar.<\/p>\n<p>Aire acondicionado, calefacci\u00f3n e internet de banda ancha de a tu disposici\u00f3n.<\/p>\n<p>Est\u00e1 equipada con los muebles que aparecen en la imagen pero, si quieres traerte los tuyos, no hay problema, lo importante para nosotros es que tu est\u00e9s c\u00f3modo\/a.<\/p>\n","protected":false},"excerpt":{"rendered":"<p>Oficina privada con cerradura y llaves propias.<\/p>\n<p>Un espacio amplio, luminoso y totalmente equipado para ti.<\/p>\n<p>Esta oficina podr\u00eda formar parte del despacho 2 si as\u00ed se quisiera, ampliando el espacio y permitiendo trabajar en equipo a diferentes miembros de una misma empresa.<\/p>\n","protected":false},"featured_media":817,"comment_status":"open","ping_status":"closed","template":"","meta":[],"product_cat":[20],"product_tag":[],"class_list":{"0":"post-744","1":"product","2":"type-product","3":"status-publish","4":"has-post-thumbnail","6":"product_cat-salas","8":"first","9":"instock","10":"taxable","11":"shipping-taxable","12":"purchasable","13":"product-type-simple"},"_links":{"self":[{"href":"https:\/\/coworkingcalpe.es\/fr\/wp-json\/wp\/v2\/product\/744","targetHints":{"allow":["GET"]}}],"collection":[{"href":"https:\/\/coworkingcalpe.es\/fr\/wp-json\/wp\/v2\/product"}],"about":[{"href":"https:\/\/coworkingcalpe.es\/fr\/wp-json\/wp\/v2\/types\/product"}],"replies":[{"embeddable":true,"href":"https:\/\/coworkingcalpe.es\/fr\/wp-json\/wp\/v2\/comments?post=744"}],"version-history":[{"count":4,"href":"https:\/\/coworkingcalpe.es\/fr\/wp-json\/wp\/v2\/product\/744\/revisions"}],"predecessor-version":[{"id":1042,"href":"https:\/\/coworkingcalpe.es\/fr\/wp-json\/wp\/v2\/product\/744\/revisions\/1042"}],"wp:featuredmedia":[{"embeddable":true,"href":"https:\/\/coworkingcalpe.es\/fr\/wp-json\/wp\/v2\/media\/817"}],"wp:attachment":[{"href":"https:\/\/coworkingcalpe.es\/fr\/wp-json\/wp\/v2\/media?parent=744"}],"wp:term":[{"taxonomy":"product_cat","embeddable":true,"href":"https:\/\/coworkingcalpe.es\/fr\/wp-json\/wp\/v2\/product_cat?post=744"},{"taxonomy":"product_tag","embeddable":true,"href":"https:\/\/coworkingcalpe.es\/fr\/wp-json\/wp\/v2\/product_tag?post=744"}],"curies":[{"name":"wp","href":"https:\/\/api.w.org\/{rel}","templated":true}]}}